{"id":330,"date":"2021-12-06T13:12:58","date_gmt":"2021-12-06T13:12:58","guid":{"rendered":"https:\/\/www.deepunderwaterworks.com\/web\/?page_id=330"},"modified":"2021-12-06T14:06:01","modified_gmt":"2021-12-06T14:06:01","slug":"es-politica-de-cookies","status":"publish","type":"page","link":"https:\/\/www.deepunderwaterworks.com\/web\/es-politica-de-cookies\/","title":{"rendered":"Pol\u00edtica de cookies"},"content":{"rendered":"\n<p class=\"has-text-align-center has-large-font-size\"><strong>Pol\u00edtica de cookies<\/strong><\/p>\n\n\n\n<p>Las cookies son el medio t\u00e9cnico para la \u201ctrazabilidad\u201d y seguimiento de la navegaci\u00f3n en los Sitios Web. Son peque\u00f1os ficheros de texto que se escriben en el ordenador del Usuario. Este m\u00e9todo tiene implicaciones sobre la privacidad, por lo que DEEP UNDERWATER informa de que podr\u00e1 utilizar cookies con la finalidad de elaborar estad\u00edsticas de utilizaci\u00f3n del sitio web, as\u00ed como para identificar el PC del Usuario permitiendo reconocerle en sus pr\u00f3ximas visitas. En todo caso, el usuario puede configurar su navegador para no permitir el uso de cookies en sus visitas al web site.<\/p>\n\n\n\n<p>En <strong>DEEP UNDERWATER<\/strong> utilizamos cookies con el objetivo de prestar un mejor servicio y proporcionarte una mejor experiencia en tu navegaci\u00f3n. Queremos informarte de manera clara y precisa sobre las cookies que utilizamos, detallando a continuaci\u00f3n, qu\u00e9 es una cookie, para qu\u00e9 sirve, cu\u00e1l es su finalidad y c\u00f3mo puedes configurarlas o deshabilitarlas si as\u00ed lo deseas.<\/p>\n\n\n\n<p>De conformidad con la normativa espa\u00f1ola que regula el uso de cookies en relaci\u00f3n a la prestaci\u00f3n de servicios de comunicaciones electr\u00f3nicas, recogida en el Real Decreto-ley 13\/2012, de 30 de marzo, le informamos sobre las cookies utilizadas en el sitio web de <strong>DEEP UNDERWATER<\/strong> (en adelante, el \u201cSitio Web\u201d) y el motivo de su uso. Asimismo, <strong>DEEP UNDERWATER<\/strong> le informa de que al navegar en el Sitio Web usted est\u00e1 prestando su consentimiento para poder utilizarlas.<\/p>\n\n\n\n<p>Las cookies utilizadas en nuestro Sitio Web, pueden ser propias y de terceros, y nos permiten almacenar y acceder a informaci\u00f3n relativa al idioma, el tipo de navegador utilizado, y otras caracter\u00edsticas generales predefinidas por el usuario, as\u00ed como, seguir y analizar la actividad que lleva a cabo, con el objeto de introducir mejoras y prestar nuestros servicios de una manera m\u00e1s eficiente y personalizada.<\/p>\n\n\n\n<p>La utilizaci\u00f3n de las cookies ofrece numerosas ventajas en la prestaci\u00f3n de servicios de la sociedad de la informaci\u00f3n, puesto que, entre otras: (i) facilita al usuario la navegaci\u00f3n en el Sitio Web y el acceso a los diferentes servicios que ofrece; (ii) evita al usuario configurar las caracter\u00edsticas generales predefinidas cada vez que accede al Sitio Web; (iii) favorece la mejora del funcionamiento y de los servicios prestados a trav\u00e9s del Sitio Web, tras el correspondiente an\u00e1lisis de la informaci\u00f3n obtenida a trav\u00e9s de las cookies instaladas.<\/p>\n\n\n\n<p>No obstante, puede configurar su navegador, aceptando o rechazando todas las cookies, o bien seleccionar aqu\u00e9llas cuya instalaci\u00f3n admite y cu\u00e1les no, siguiendo uno de los siguientes procedimientos, dependiendo del navegador utilizado:<\/p>\n\n\n\n<p>\u2981 Google Chrome (en el Men\u00fa Herramientas): Configuraci\u00f3n &gt; Mostrar opciones avanzadas &gt; Privacidad (Configuraci\u00f3n de Contenido) &gt; Cookies<br>M\u00e1s informaci\u00f3n: http:\/\/support.google.com\/chrome\/bin\/answer.py?hl=es&amp;answer=95647<br>\u2981 Microsoft Internet Explorer (en el Men\u00fa Herramientas): Opciones de Internet &gt; Privacidad &gt; Avanzada<br>M\u00e1s informaci\u00f3n: http:\/\/windows.microsoft.com\/es-es\/windows7\/how-to-manage-cookies-in-internet-explorer-9<\/p>\n\n\n\n<p>\u2981 Firefox: Opciones &gt; Privacidad &gt; Cookies<br>M\u00e1s informaci\u00f3n: http:\/\/support.mozilla.org\/es\/kb\/habilitar-y-deshabilitar-cookies-que-los-sitios-we<\/p>\n\n\n\n<p>\u2981 Safari , iPad y iPhone: Preferencias &gt; Privacidad<br>M\u00e1s informaci\u00f3n: http:\/\/support.apple.com\/kb\/ph5042<\/p>\n\n\n\n<p>Disponibilidad de la P\u00e1gina<\/p>\n\n\n\n<p><strong>DEEP UNDERWATER<\/strong> no garantiza la inexistencia de interrupciones o errores en el acceso a la P\u00e1gina, a sus Contenidos, ni que estos se encuentren actualizados, aunque desarrollar\u00e1 sus mejores esfuerzos para, en su caso, evitarlos, subsanarlos o actualizarlos. Por consiguiente, <strong>DEEP UNDERWATER<\/strong> no se responsabiliza de los da\u00f1os o perjuicios de cualquier tipo producidos en el Usuario final que traigan causa de fallos o desconexiones en las redes de telecomunicaciones que produzcan la suspensi\u00f3n, cancelaci\u00f3n o interrupci\u00f3n del servicio del Portal durante la prestaci\u00f3n del mismo o con car\u00e1cter previo.<\/p>\n\n\n\n<p><strong>DEEP UNDERWATER<\/strong> excluye, con las excepciones contempladas en la legislaci\u00f3n vigente, cualquier responsabilidad por los da\u00f1os y perjuicios de toda naturaleza que puedan deberse a la falta de disponibilidad, continuidad o calidad del funcionamiento de la P\u00e1gina y de los Contenidos, al no cumplimiento de la expectativa de utilidad que los usuarios hubieren podido atribuir a la P\u00e1gina y a los Contenidos.<\/p>\n\n\n\n<p>La funci\u00f3n de los Hiperenlaces que aparecen en esta Web es exclusivamente la de informar al usuario acerca de la existencia de otras Web que contienen informaci\u00f3n sobre la materia. Dichos Hiperenlaces no constituyen sugerencia ni recomendaci\u00f3n alguna.<\/p>\n\n\n\n<p><strong>DEEP UNDERWATER<\/strong> no se hace responsable de los contenidos de dichas p\u00e1ginas enlazadas, del funcionamiento o utilidad de los Hiperenlaces ni del resultado de dichos enlaces, ni garantiza la ausencia de virus u otros elementos en los mismos que puedan producir alteraciones en el sistema inform\u00e1tico (hardware y software), los documentos o los ficheros del usuario, excluyendo cualquier responsabilidad por los da\u00f1os de cualquier clase causados al usuario por este motivo.<\/p>\n\n\n\n<p>El acceso a la P\u00e1gina no implica la obligaci\u00f3n por parte de <strong>DEEP UNDERWATER<\/strong> de controlar la ausencia de virus, gusanos o cualquier otro elemento inform\u00e1tico da\u00f1ino. Corresponde al Usuario, en todo caso, la disponibilidad de herramientas adecuadas para la detecci\u00f3n y desinfecci\u00f3n de programas inform\u00e1ticos da\u00f1inos, por lo tanto, <strong>DEEP UNDERWATER<\/strong> no se hace responsable de los posibles errores de seguridad que se puedan producir durante la prestaci\u00f3n del servicio de la P\u00e1gina, ni de los posibles da\u00f1os que puedan causarse al sistema inform\u00e1tico del usuario o de terceros (hardware y software), los ficheros o documentos almacenados en el mismo, como consecuencia de la presencia de virus en el ordenador del usuario utilizado para la conexi\u00f3n a los servicios y contenidos de la Web, de un mal funcionamiento del navegador o del uso de versiones no actualizadas del mismo.<\/p>\n\n\n\n<p>Calidad de la P\u00e1gina<br>Dado el entorno din\u00e1mico y cambiante de la informaci\u00f3n y servicios que se suministran por medio de la P\u00e1gina, <strong>DEEP UNDERWATER<\/strong> realiza su mejor esfuerzo, pero no garantiza la completa veracidad, exactitud, fiabilidad, utilidad y\/o actualidad de los Contenidos.<\/p>\n\n\n\n<p>La informaci\u00f3n contenida en las p\u00e1ginas que componen este Portal s\u00f3lo tiene car\u00e1cter informativo, consultivo, divulgativo y publicitario. En ning\u00fan caso ofrecen ni tienen car\u00e1cter de compromiso vinculante o contractual.<\/p>\n\n\n\n<p>Limitaci\u00f3n de responsabilidad<\/p>\n\n\n\n<p><strong>DEEP UNDERWATER<\/strong> excluye toda responsabilidad por las decisiones que el Usuario final pueda tomar basado en esta informaci\u00f3n, as\u00ed como por los posibles errores tipogr\u00e1ficos que puedan contener los documentos y gr\u00e1ficos de la P\u00e1gina. La informaci\u00f3n est\u00e1 sometida a posibles cambios peri\u00f3dicos sin previo aviso de su contenido por ampliaci\u00f3n, mejora, correcci\u00f3n o actualizaci\u00f3n de los Contenidos.<\/p>\n\n\n\n<p>Notificaciones<\/p>\n\n\n\n<p>Todas las notificaciones y comunicaciones por parte de <strong>DEEP UNDERWATER<\/strong> al Usuario final realizados por cualquier medio se considerar\u00e1n eficaces a todos los efectos.<\/p>\n\n\n\n<p>Disponibilidad de los Contenidos<\/p>\n\n\n\n<p>La prestaci\u00f3n del servicio de la P\u00e1gina y de los Contenidos tiene, en principio, duraci\u00f3n indefinida. <strong>DEEP UNDERWATER<\/strong>, no obstante, queda autorizada para dar por terminada o suspender la prestaci\u00f3n del servicio de la P\u00e1gina y\/o de cualquiera de los Contenidos en cualquier momento. Cuando ello sea razonablemente posible, <strong>DEEP UNDERWATER a<\/strong>dvertir\u00e1 previamente la terminaci\u00f3n o suspensi\u00f3n de la P\u00e1gina.<\/p>\n\n\n\n<p>Protecci\u00f3n de Datos de Car\u00e1cter Personal<\/p>\n\n\n\n<p><strong>DEEP UNDERWATER<\/strong> es consciente de la importancia de la privacidad de los datos de car\u00e1cter personal y por ello, ha implementado una pol\u00edtica de tratamiento de datos orientada a proveer la m\u00e1xima seguridad en el uso y recogida de los mismos, garantizando el cumplimiento de la normativa vigente en la materia y configurando dicha pol\u00edtica como uno de los pilares b\u00e1sicos en las l\u00edneas de actuaci\u00f3n de la entidad.<\/p>\n\n\n\n<p>Durante la navegaci\u00f3n a trav\u00e9s de la web www.salutmentalcv.org es posible que se soliciten datos de car\u00e1cter personal a trav\u00e9s de diferentes formularios dispuestos al efecto. Dichos datos formar\u00e1n parte de los pertinentes ficheros en funci\u00f3n de la finalidad determinada y concreta que motiva el recabo de los mismos.<\/p>\n\n\n\n<p>De esta forma, la informaci\u00f3n particular de cada tratamiento de datos se aportar\u00e1 junto a cada formulario web, siendo com\u00fan a todos ellos el responsable del tratamiento: <strong>DEEP UNDERWATER WORKS S.L.U<\/strong>. domiciliada en Avda. Ferrandis Salvador, 296 B2 \u2013 84 12560 Benicasim (Castell\u00f3n), as\u00ed como el lugar y forma de ejercicio de los derechos de acceso, rectificaci\u00f3n, supresi\u00f3n, portabilidad de sus datos, as\u00ed como de limitaci\u00f3n u oposici\u00f3n a su tratamiento, que deber\u00e1 formalizarse mediante una comunicaci\u00f3n escrita a la direcci\u00f3n indicada anteriormente incluyendo copia del DNI o documento identificativo equivalente.<\/p>\n\n\n\n<p>En el supuesto de que aporte sus datos a trav\u00e9s de un mensaje de correo electr\u00f3nico, el mismo formar\u00e1 parte de un fichero cuya finalidad ser\u00e1 la gesti\u00f3n de la solicitud o comentario que nos realiza, siendo aplicables el resto de extremos indicados en el p\u00e1rrafo anterior.<\/p>\n\n\n\n<p>Asimismo, las condiciones generales de contrataci\u00f3n de los servicios de <strong>DEEP UNDERWATER<\/strong> contienen las caracter\u00edsticas y naturaleza del tratamiento de los datos que ser\u00e1n desarrollados por la misma en el supuesto de que contrate cualquiera de ellos.<\/p>\n\n\n\n<p>Por otro lado, <strong>DEEP UNDERWATER<\/strong> ha implantado las medidas t\u00e9cnicas y organizativas necesarias para evitar la p\u00e9rdida, mal uso, alteraci\u00f3n, acceso no autorizado y robo de los Datos Personales que los interesados pudieran facilitar como consecuencia del acceso a las diferentes secciones del sitio web www.deepunderwaterworks.com aplicando las medidas de seguridad contempladas en el Reglamento (UE) 2016\/679 del Parlamento Europeo y del Consejo, de 27 de abril de 2016, relativo a la protecci\u00f3n de las personas f\u00edsicas en lo que respecta al tratamiento de datos personales y a la libre circulaci\u00f3n de estos datos (Reglamento General de Protecci\u00f3n de Datos &#8211; RGPD).<\/p>\n\n\n\n<p class=\"has-medium-font-size\"><strong>Jurisdicci\u00f3n<\/strong><\/p>\n\n\n\n<p>Para cuantas cuestiones se susciten sobre la interpretaci\u00f3n, aplicaci\u00f3n y cumplimiento de este Aviso Legal, as\u00ed como de las reclamaciones que puedan derivarse de su uso, todas las partes intervinientes se someten a los Jueces y Tribunales de la ciudad de Cartagena, renunciando de forma expresa a cualquier otro fuero que pudiera corresponderles.<br>Legislaci\u00f3n aplicable<\/p>\n\n\n\n<p><br>El Aviso Legal se rige por la ley espa\u00f1ola.<\/p>\n","protected":false},"excerpt":{"rendered":"<p>Pol\u00edtica de cookies Las cookies son el medio t\u00e9cnico para la \u201ctrazabilidad\u201d y seguimiento de la navegaci\u00f3n en los Sitios Web. Son peque\u00f1os ficheros de texto que se escriben en el ordenador del Usuario. Este m\u00e9todo tiene implicaciones sobre la privacidad, por lo que DEEP UNDERWATER informa de que podr\u00e1 utilizar cookies con la finalidad [&hellip;]<\/p>\n","protected":false},"author":1,"featured_media":0,"parent":0,"menu_order":0,"comment_status":"closed","ping_status":"closed","template":"template-blank-1.php","meta":{"site-sidebar-layout":"default","site-content-layout":"","ast-site-content-layout":"default","site-content-style":"default","site-sidebar-style":"default","ast-global-header-display":"","ast-banner-title-visibility":"","ast-main-header-display":"","ast-hfb-above-header-display":"","ast-hfb-below-header-display":"","ast-hfb-mobile-header-display":"","site-post-title":"","ast-breadcrumbs-content":"","ast-featured-img":"","footer-sml-layout":"","ast-disable-related-posts":"","theme-transparent-header-meta":"","adv-header-id-meta":"","stick-header-meta":"","header-above-stick-meta":"","header-main-stick-meta":"","header-below-stick-meta":"","astra-migrate-meta-layouts":"default","ast-page-background-enabled":"default","ast-page-background-meta":{"desktop":{"background-color":"var(--ast-global-color-4)","background-image":"","background-repeat":"repeat","background-position":"center center","background-size":"auto","background-attachment":"scroll","background-type":"","background-media":"","overlay-type":"","overlay-color":"","overlay-opacity":"","overlay-gradient":""},"tablet":{"background-color":"","background-image":"","background-repeat":"repeat","background-position":"center center","background-size":"auto","background-attachment":"scroll","background-type":"","background-media":"","overlay-type":"","overlay-color":"","overlay-opacity":"","overlay-gradient":""},"mobile":{"background-color":"","background-image":"","background-repeat":"repeat","background-position":"center center","background-size":"auto","background-attachment":"scroll","background-type":"","background-media":"","overlay-type":"","overlay-color":"","overlay-opacity":"","overlay-gradient":""}},"ast-content-background-meta":{"desktop":{"background-color":"var(--ast-global-color-5)","background-image":"","background-repeat":"repeat","background-position":"center center","background-size":"auto","background-attachment":"scroll","background-type":"","background-media":"","overlay-type":"","overlay-color":"","overlay-opacity":"","overlay-gradient":""},"tablet":{"background-color":"var(--ast-global-color-5)","background-image":"","background-repeat":"repeat","background-position":"center center","background-size":"auto","background-attachment":"scroll","background-type":"","background-media":"","overlay-type":"","overlay-color":"","overlay-opacity":"","overlay-gradient":""},"mobile":{"background-color":"var(--ast-global-color-5)","background-image":"","background-repeat":"repeat","background-position":"center center","background-size":"auto","background-attachment":"scroll","background-type":"","background-media":"","overlay-type":"","overlay-color":"","overlay-opacity":"","overlay-gradient":""}},"footnotes":""},"class_list":["post-330","page","type-page","status-publish","hentry"],"_links":{"self":[{"href":"https:\/\/www.deepunderwaterworks.com\/web\/wp-json\/wp\/v2\/pages\/330","targetHints":{"allow":["GET"]}}],"collection":[{"href":"https:\/\/www.deepunderwaterworks.com\/web\/wp-json\/wp\/v2\/pages"}],"about":[{"href":"https:\/\/www.deepunderwaterworks.com\/web\/wp-json\/wp\/v2\/types\/page"}],"author":[{"embeddable":true,"href":"https:\/\/www.deepunderwaterworks.com\/web\/wp-json\/wp\/v2\/users\/1"}],"replies":[{"embeddable":true,"href":"https:\/\/www.deepunderwaterworks.com\/web\/wp-json\/wp\/v2\/comments?post=330"}],"version-history":[{"count":1,"href":"https:\/\/www.deepunderwaterworks.com\/web\/wp-json\/wp\/v2\/pages\/330\/revisions"}],"predecessor-version":[{"id":331,"href":"https:\/\/www.deepunderwaterworks.com\/web\/wp-json\/wp\/v2\/pages\/330\/revisions\/331"}],"wp:attachment":[{"href":"https:\/\/www.deepunderwaterworks.com\/web\/wp-json\/wp\/v2\/media?parent=330"}],"curies":[{"name":"wp","href":"https:\/\/api.w.org\/{rel}","templated":true}]}}