{"id":742,"date":"2026-02-01T14:46:41","date_gmt":"2026-02-01T14:46:41","guid":{"rendered":"https:\/\/www.deepunderwaterworks.com\/web\/?page_id=742"},"modified":"2026-02-07T13:20:00","modified_gmt":"2026-02-07T13:20:00","slug":"inicio-es","status":"publish","type":"page","link":"https:\/\/www.deepunderwaterworks.com\/web\/","title":{"rendered":"inicio ES"},"content":{"rendered":"\n<figure class=\"wp-block-image alignfull size-large\"><img loading=\"lazy\" decoding=\"async\" width=\"1024\" height=\"426\" src=\"https:\/\/www.deepunderwaterworks.com\/web\/wp-content\/uploads\/2026\/02\/deep-banner-low-1024x426.jpg\" alt=\"\" class=\"wp-image-828\" srcset=\"https:\/\/www.deepunderwaterworks.com\/web\/wp-content\/uploads\/2026\/02\/deep-banner-low-1024x426.jpg 1024w, https:\/\/www.deepunderwaterworks.com\/web\/wp-content\/uploads\/2026\/02\/deep-banner-low-300x125.jpg 300w, https:\/\/www.deepunderwaterworks.com\/web\/wp-content\/uploads\/2026\/02\/deep-banner-low-768x320.jpg 768w, https:\/\/www.deepunderwaterworks.com\/web\/wp-content\/uploads\/2026\/02\/deep-banner-low-1536x640.jpg 1536w, https:\/\/www.deepunderwaterworks.com\/web\/wp-content\/uploads\/2026\/02\/deep-banner-low.jpg 1700w\" sizes=\"auto, (max-width: 1024px) 100vw, 1024px\" \/><\/figure>\n\n\n\n<div style=\"height:28px\" aria-hidden=\"true\" class=\"wp-block-spacer\"><\/div>\n\n\n\n<h1 class=\"wp-block-heading has-text-align-center has-ast-global-color-1-color has-text-color has-link-color wp-elements-dbce3bd215d5f3229b6b4c439562ee57\">Empresa especializada en buceo industrial<\/h1>\n\n\n\n<h4 class=\"wp-block-heading has-text-align-center\">Realizamos todo tipo de trabajos profesionales en el medio acu\u00e1tico ofreciendo soluciones flexibles, de calidad y con un compromiso por el medio ambiente.<\/h4>\n\n\n\n<div style=\"height:19px\" aria-hidden=\"true\" class=\"wp-block-spacer\"><\/div>\n\n\n\n<div class=\"wp-block-buttons is-content-justification-center is-layout-flex wp-container-core-buttons-is-layout-a89b3969 wp-block-buttons-is-layout-flex\">\n<div class=\"wp-block-button\"><a class=\"wp-block-button__link has-ast-global-color-5-color has-ast-global-color-1-background-color has-text-color has-background has-link-color has-text-align-center wp-element-button\" href=\"https:\/\/www.deepunderwaterworks.com\/web\/politica-de-empresa-es\/\" style=\"border-top-left-radius:8px;border-top-right-radius:8px;border-bottom-left-radius:8px;border-bottom-right-radius:8px\">CONOZCA NUESTRA POL\u00cdTICA DE EMPRESA<\/a><\/div>\n<\/div>\n\n\n\n<div style=\"height:25px\" aria-hidden=\"true\" class=\"wp-block-spacer\"><\/div>\n\n\n\n<div class=\"wp-block-cover alignfull\" style=\"min-height:436px;aspect-ratio:unset;\"><span aria-hidden=\"true\" class=\"wp-block-cover__background has-ast-global-color-3-background-color has-background-dim-100 has-background-dim\"><\/span><div class=\"wp-block-cover__inner-container is-layout-flow wp-block-cover-is-layout-flow\">\n<div class=\"wp-block-columns are-vertically-aligned-center is-layout-flex wp-container-core-columns-is-layout-87527e6a wp-block-columns-is-layout-flex\" style=\"padding-right:var(--wp--preset--spacing--70);padding-left:var(--wp--preset--spacing--70)\">\n<div class=\"wp-block-column is-vertically-aligned-center is-layout-flow wp-block-column-is-layout-flow\" style=\"border-width:2px;border-top-left-radius:18px;border-top-right-radius:18px;border-bottom-left-radius:18px;border-bottom-right-radius:18px;padding-right:var(--wp--preset--spacing--50);padding-left:var(--wp--preset--spacing--50)\">\n<div style=\"height:31px\" aria-hidden=\"true\" class=\"wp-block-spacer\"><\/div>\n\n\n\n<h2 class=\"wp-block-heading has-text-align-center has-ast-global-color-1-color has-text-color has-link-color wp-elements-5e70eb10715930a3bb08082331c2dc1c\">SERVICIOS 24\/360<\/h2>\n\n\n\n<h4 class=\"wp-block-heading has-text-align-center has-ast-global-color-5-color has-text-color has-link-color wp-elements-a6bc9d1393df22953cf5ffc3e1cabdaf\"><strong>Servicios de trabajos subacu\u00e1ticos nacionales e internecionales.<\/strong><\/h4>\n\n\n\n<p class=\"has-text-align-center has-ast-global-color-5-color has-text-color has-link-color wp-elements-6da45c5a7c04ec0d85de09df3cf4bb08\">Con sede en Castell\u00f3n trabajamos en Cantabria, Asturias, Valencia, Baleares y Can\u00e1rias entre otros.<\/p>\n\n\n\n<div style=\"height:31px\" aria-hidden=\"true\" class=\"wp-block-spacer\"><\/div>\n<\/div>\n\n\n\n<div class=\"wp-block-column is-vertically-aligned-center is-layout-flow wp-block-column-is-layout-flow\" style=\"border-width:2px;border-top-left-radius:18px;border-top-right-radius:18px;border-bottom-left-radius:18px;border-bottom-right-radius:18px;padding-right:var(--wp--preset--spacing--50);padding-left:var(--wp--preset--spacing--50)\">\n<div style=\"height:31px\" aria-hidden=\"true\" class=\"wp-block-spacer\"><\/div>\n\n\n\n<h2 class=\"wp-block-heading has-text-align-center has-ast-global-color-1-color has-text-color has-link-color wp-elements-626ee45c6b700c022a46e0ddc18f651b\">EXPERIENCIA<\/h2>\n\n\n\n<h4 class=\"wp-block-heading has-text-align-center has-ast-global-color-5-color has-text-color has-link-color wp-elements-54754f431014a9319924043120a9e9bf\"><strong>Somos profesionales con dilatada experiencia en trabajos subacu\u00e1ticos.<\/strong><\/h4>\n\n\n\n<p class=\"has-text-align-center has-ast-global-color-5-color has-text-color has-link-color wp-elements-95e3c7a1809d4259b524d4669c723cd9\">Realizamos todo tipo de obra o trabajo bajo el agua de manera presencial o con la ayuda de ROV.<\/p>\n\n\n\n<div style=\"height:31px\" aria-hidden=\"true\" class=\"wp-block-spacer\"><\/div>\n<\/div>\n<\/div>\n\n\n\n<p class=\"has-text-align-center has-large-font-size\"><\/p>\n<\/div><\/div>\n\n\n\n<div style=\"height:50px\" aria-hidden=\"true\" class=\"wp-block-spacer\"><\/div>\n\n\n\n<h3 class=\"wp-block-heading has-text-align-center has-ast-global-color-1-color has-text-color has-link-color wp-elements-c2a1e220ab1ce316467456f12f4dae9e\"><br>CONOZCA NUESTROS SERVICIOS SUBACU\u00c0TICOS<\/h3>\n\n\n\n<div class=\"wp-block-columns is-layout-flex wp-container-core-columns-is-layout-28f84493 wp-block-columns-is-layout-flex\">\n<div class=\"wp-block-column is-layout-flow wp-block-column-is-layout-flow\">\n<figure class=\"wp-block-image size-full has-custom-border\"><img loading=\"lazy\" decoding=\"async\" width=\"600\" height=\"600\" src=\"https:\/\/www.deepunderwaterworks.com\/web\/wp-content\/uploads\/2024\/02\/ROV.jpg\" alt=\"\" class=\"wp-image-588\" style=\"border-top-left-radius:18px;border-top-right-radius:18px;border-bottom-left-radius:18px;border-bottom-right-radius:18px\" srcset=\"https:\/\/www.deepunderwaterworks.com\/web\/wp-content\/uploads\/2024\/02\/ROV.jpg 600w, https:\/\/www.deepunderwaterworks.com\/web\/wp-content\/uploads\/2024\/02\/ROV-300x300.jpg 300w, https:\/\/www.deepunderwaterworks.com\/web\/wp-content\/uploads\/2024\/02\/ROV-150x150.jpg 150w\" sizes=\"auto, (max-width: 600px) 100vw, 600px\" \/><\/figure>\n\n\n\n<h3 class=\"wp-block-heading has-text-align-center has-ast-global-color-1-color has-text-color has-link-color wp-elements-c4a57e0a2c8c5bea37df904476a9be7a\">TRABAJOS Y TAREAS CON ROV<\/h3>\n\n\n\n<p>Ofrecemos servicios especializados de inspecci\u00f3n y apoyo submarino mediante <strong>veh\u00edculos operados remotamente<\/strong> (ROV), una soluci\u00f3n segura, eficiente y de alta precisi\u00f3n para trabajos en entornos subacu\u00e1ticos. Nuestros ROV est\u00e1n equipados con sistemas de v\u00eddeo, iluminaci\u00f3n profesional y sensores espec\u00edficos que permiten realizar inspecciones visuales, levantamientos t\u00e9cnicos y evaluaciones estructurales sin necesidad de intervenci\u00f3n humana directa.<\/p>\n\n\n\n<p><strong>Este servicio es ideal para operaciones en profundidad, zonas de dif\u00edcil acceso o entornos que requieren m\u00e1xima seguridad y control operativo.<\/strong><\/p>\n<\/div>\n\n\n\n<div class=\"wp-block-column is-layout-flow wp-block-column-is-layout-flow\">\n<figure class=\"wp-block-image size-full has-custom-border\"><img loading=\"lazy\" decoding=\"async\" width=\"600\" height=\"600\" src=\"https:\/\/www.deepunderwaterworks.com\/web\/wp-content\/uploads\/2026\/02\/underwater-works.jpg\" alt=\"\" class=\"wp-image-773\" style=\"border-top-left-radius:18px;border-top-right-radius:18px;border-bottom-left-radius:18px;border-bottom-right-radius:18px\" srcset=\"https:\/\/www.deepunderwaterworks.com\/web\/wp-content\/uploads\/2026\/02\/underwater-works.jpg 600w, https:\/\/www.deepunderwaterworks.com\/web\/wp-content\/uploads\/2026\/02\/underwater-works-300x300.jpg 300w, https:\/\/www.deepunderwaterworks.com\/web\/wp-content\/uploads\/2026\/02\/underwater-works-150x150.jpg 150w\" sizes=\"auto, (max-width: 600px) 100vw, 600px\" \/><\/figure>\n\n\n\n<h3 class=\"wp-block-heading has-text-align-center has-ast-global-color-1-color has-text-color has-link-color wp-elements-ee55c9fd526f8ad12484f02dc2f02062\">ASESORAMIENTOS Y TRABAJOS SUBACU\u00c1TICOS<\/h3>\n\n\n\n<p>Ofrecemos servicios especializados en trabajos profesionales subacu\u00e1ticos, adaptados a las necesidades de cada proyecto y entorno operativo. Prestamos <strong>asesoramiento t\u00e9cnico<\/strong> en trabajos subacu\u00e1ticos, <strong>seguimiento y control de obras<\/strong>, as\u00ed como <strong>servicios de mantenimiento, instalaciones y limpiezas especiales<\/strong> en entornos sumergidos.<\/p>\n\n\n\n<p>Intervenimos en <strong>zonas de dif\u00edcil acceso<\/strong>, a<strong>mbientes contaminados<\/strong> y <strong>\u00e1reas clasificadas ATEX<\/strong>, aplicando estrictos protocolos de seguridad y calidad.<\/p>\n\n\n\n<p>Adem\u00e1s, <strong>impartimos formaci\u00f3n t\u00e9cnica especializada<\/strong> para personal de otras empresas y ofrecemos <strong>contratos de mantenimiento a medida<\/strong> para <strong>entidades p\u00fablicas y privadas<\/strong>, garantizando continuidad operativa y m\u00e1xima fiabilidad en cada actuaci\u00f3n.<\/p>\n<\/div>\n<\/div>\n\n\n\n<div style=\"height:31px\" aria-hidden=\"true\" class=\"wp-block-spacer\"><\/div>\n\n\n\n<div class=\"wp-block-buttons is-vertical is-content-justification-center is-layout-flex wp-container-core-buttons-is-layout-0fce6862 wp-block-buttons-is-layout-flex\">\n<div class=\"wp-block-button\"><a class=\"wp-block-button__link has-text-align-center wp-element-button\" href=\"mailto:info@deepunderwaterworks.com\" style=\"border-top-left-radius:6px;border-top-right-radius:6px;border-bottom-left-radius:6px;border-bottom-right-radius:6px\">CONTACTE AHORA<\/a><\/div>\n<\/div>\n\n\n\n<div style=\"height:31px\" aria-hidden=\"true\" class=\"wp-block-spacer\"><\/div>\n\n\n\n<div class=\"wp-block-columns is-layout-flex wp-container-core-columns-is-layout-e7ccd83c wp-block-columns-is-layout-flex\" style=\"margin-top:0;margin-bottom:0;padding-top:0px;padding-bottom:0px\">\n<div class=\"wp-block-column is-layout-flow wp-block-column-is-layout-flow\">\n<figure class=\"wp-block-image size-full has-custom-border\"><img loading=\"lazy\" decoding=\"async\" width=\"600\" height=\"600\" src=\"https:\/\/www.deepunderwaterworks.com\/web\/wp-content\/uploads\/2026\/02\/servicios-ETAP.jpg\" alt=\"\" class=\"wp-image-886\" style=\"border-top-left-radius:18px;border-top-right-radius:18px;border-bottom-left-radius:18px;border-bottom-right-radius:18px\" srcset=\"https:\/\/www.deepunderwaterworks.com\/web\/wp-content\/uploads\/2026\/02\/servicios-ETAP.jpg 600w, https:\/\/www.deepunderwaterworks.com\/web\/wp-content\/uploads\/2026\/02\/servicios-ETAP-300x300.jpg 300w, https:\/\/www.deepunderwaterworks.com\/web\/wp-content\/uploads\/2026\/02\/servicios-ETAP-150x150.jpg 150w\" sizes=\"auto, (max-width: 600px) 100vw, 600px\" \/><\/figure>\n\n\n\n<h3 class=\"wp-block-heading has-text-align-center has-ast-global-color-1-color has-text-color has-link-color wp-elements-ef014f9bca20c51e8741bf1f5641025e\">INSPECCION, MANTENIMIENTO<br>REPARACION Y LIMPIEZA<\/h3>\n\n\n\n<p>Realizamos servicios de inspecci\u00f3n, mantenimiento, reparaci\u00f3n y limpieza mediante sistemas <strong>ROV<\/strong> y <strong>CCTV<\/strong>, aplicados a <strong>buques<\/strong>, <strong>estaciones de bombeo<\/strong>, <strong>colectores<\/strong> y <strong>tuber\u00edas de captaci\u00f3n<\/strong>. Estas tecnolog\u00edas permiten una evaluaci\u00f3n precisa del estado de las infraestructuras, reduciendo tiempos de intervenci\u00f3n y aumentando la seguridad operativa.<\/p>\n\n\n\n<p>Nuestros trabajos incluyen <strong>medici\u00f3n de espesores<\/strong>, <strong>inspecci\u00f3n de soldaduras<\/strong>, <strong>cambio de \u00e1nodos<\/strong>, <strong>revisi\u00f3n de fondeos<\/strong> y la aplicaci\u00f3n de <strong>revestimientos protectores<\/strong>, garantizando la integridad estructural y la prolongaci\u00f3n de la vida \u00fatil de los elementos subacu\u00e1ticos.<\/p>\n<\/div>\n\n\n\n<div class=\"wp-block-column is-layout-flow wp-block-column-is-layout-flow\">\n<figure class=\"wp-block-image size-full has-custom-border\"><img loading=\"lazy\" decoding=\"async\" width=\"600\" height=\"600\" src=\"https:\/\/www.deepunderwaterworks.com\/web\/wp-content\/uploads\/2026\/02\/reflote.jpg\" alt=\"\" class=\"wp-image-771\" style=\"border-top-left-radius:18px;border-top-right-radius:18px;border-bottom-left-radius:18px;border-bottom-right-radius:18px\" srcset=\"https:\/\/www.deepunderwaterworks.com\/web\/wp-content\/uploads\/2026\/02\/reflote.jpg 600w, https:\/\/www.deepunderwaterworks.com\/web\/wp-content\/uploads\/2026\/02\/reflote-300x300.jpg 300w, https:\/\/www.deepunderwaterworks.com\/web\/wp-content\/uploads\/2026\/02\/reflote-150x150.jpg 150w\" sizes=\"auto, (max-width: 600px) 100vw, 600px\" \/><\/figure>\n\n\n\n<h3 class=\"wp-block-heading has-text-align-center has-ast-global-color-1-color has-text-color has-link-color wp-elements-0d02d2e30a756536b8279f80143095b6\">SERVICIOS ESPECIALIZADOS SUBACU\u00c1TICOS<\/h3>\n\n\n\n<p>Ofrecemos una amplia gama de servicios subacu\u00e1ticos adaptados a proyectos complejos y entornos exigentes. Entre ellos se incluyen <strong>demolici\u00f3n t\u00e9cnica de estructuras sumergidas<\/strong>, intervenci\u00f3n en <strong>emisarios<\/strong>, toma de <strong>muestras<\/strong>, <strong>reflote y recuperaci\u00f3n de elementos hundidos<\/strong>, as\u00ed como <strong>b\u00fasquedas<\/strong> subacu\u00e1ticas y <strong>asistencia t\u00e9cnica<\/strong> especializada.<br><br>Adem\u00e1s, <strong>desarrollamos proyectos singulares<\/strong>, trabajos de <strong>arqueolog\u00eda <\/strong>subacu\u00e1tica y la ejecuci\u00f3n de <strong>ensayos no destructivos (NDT)<\/strong>, garantizando seguridad, precisi\u00f3n y resultados fiables en cada actuaci\u00f3n.<\/p>\n<\/div>\n<\/div>\n\n\n\n<div style=\"height:66px\" aria-hidden=\"true\" class=\"wp-block-spacer\"><\/div>\n\n\n\n<div class=\"wp-block-buttons is-vertical is-content-justification-center is-layout-flex wp-container-core-buttons-is-layout-0fce6862 wp-block-buttons-is-layout-flex\">\n<div class=\"wp-block-button\"><a class=\"wp-block-button__link has-text-align-center wp-element-button\" href=\"mailto:info@deepunderwaterworks.com\" style=\"border-top-left-radius:6px;border-top-right-radius:6px;border-bottom-left-radius:6px;border-bottom-right-radius:6px\">CONTACTE AHORA<\/a><\/div>\n<\/div>\n\n\n\n<div style=\"height:45px\" aria-hidden=\"true\" class=\"wp-block-spacer\"><\/div>\n\n\n\n<div class=\"wp-block-cover alignfull\" style=\"margin-top:0;margin-bottom:0\"><span aria-hidden=\"true\" class=\"wp-block-cover__background has-ast-global-color-3-background-color has-background-dim-100 has-background-dim\"><\/span><div class=\"wp-block-cover__inner-container is-layout-constrained wp-block-cover-is-layout-constrained\">\n<p class=\"has-text-align-center has-large-font-size\"><\/p>\n\n\n\n<div class=\"wp-block-columns is-layout-flex wp-container-core-columns-is-layout-28f84493 wp-block-columns-is-layout-flex\">\n<div class=\"wp-block-column is-vertically-aligned-top is-layout-flow wp-block-column-is-layout-flow\">\n<h2 class=\"wp-block-heading has-text-align-center has-ast-global-color-1-color has-text-color has-link-color wp-elements-cc2166972d9ca0b0e0a698411230a61a\">LUGARES DE ACTUACI\u00d3N<\/h2>\n\n\n\n<p class=\"has-text-align-center has-ast-global-color-5-color has-text-color has-link-color wp-elements-4ba18d6112cd462ef674521f14e3eced\"><strong><br><\/strong>Realizamos trabajos subacu\u00e1ticos en una amplia variedad de instalaciones y entornos t\u00e9cnicos, como <strong>EDARI<\/strong>, <strong>EDAR<\/strong>, <strong>ETAP<\/strong> y <strong>EBAR<\/strong>, as\u00ed como en <strong>colectores y galer\u00edas de servicios<\/strong>. Intervenimos en <strong>espacios de dif\u00edcil acceso<\/strong>, <strong>estructuras verticales subacu\u00e1ticas<\/strong> y <strong>entornos confinados<\/strong>, adem\u00e1s de <strong>instalaciones industriales y mineras<\/strong>.<\/p>\n\n\n\n<p class=\"has-text-align-center has-ast-global-color-5-color has-text-color has-link-color wp-elements-c8f5037349e53b4d7ae1e89cfdf1cb90\">Tambi\u00e9n operamos en <strong>dep\u00f3sitos<\/strong>, <strong>tanques<\/strong> y <strong>campanas de biog\u00e1s<\/strong>, adaptando cada actuaci\u00f3n a las condiciones espec\u00edficas del medio subacu\u00e1tico y garantizando siempre la seguridad, el control y la eficacia de los trabajos.ervicios de trabajos subacu\u00e1ticos nacionales e internecionales.<\/p>\n\n\n\n<p class=\"has-text-align-center has-ast-global-color-5-color has-text-color has-link-color wp-elements-c202a16ea77865d3f53736f50b5ce93f\"><strong>Con sede en Castell\u00f3n trabajamos en Cantabria, Asturias, Valencia, Baleares y Can\u00e1rias entre otros.<\/strong><\/p>\n\n\n\n<div style=\"height:32px\" aria-hidden=\"true\" class=\"wp-block-spacer\"><\/div>\n<\/div>\n<\/div>\n<\/div><\/div>\n\n\n\n<figure class=\"wp-block-image alignfull size-large\" style=\"margin-top:0;margin-bottom:0\"><img loading=\"lazy\" decoding=\"async\" width=\"1024\" height=\"426\" src=\"https:\/\/www.deepunderwaterworks.com\/web\/wp-content\/uploads\/2026\/02\/dragados-low-1024x426.jpg\" alt=\"\" class=\"wp-image-837\" srcset=\"https:\/\/www.deepunderwaterworks.com\/web\/wp-content\/uploads\/2026\/02\/dragados-low-1024x426.jpg 1024w, https:\/\/www.deepunderwaterworks.com\/web\/wp-content\/uploads\/2026\/02\/dragados-low-300x125.jpg 300w, https:\/\/www.deepunderwaterworks.com\/web\/wp-content\/uploads\/2026\/02\/dragados-low-768x320.jpg 768w, https:\/\/www.deepunderwaterworks.com\/web\/wp-content\/uploads\/2026\/02\/dragados-low.jpg 1400w\" sizes=\"auto, (max-width: 1024px) 100vw, 1024px\" \/><\/figure>\n\n\n\n<div class=\"wp-block-columns alignfull has-ast-global-color-3-background-color has-background is-layout-flex wp-container-core-columns-is-layout-f0342b05 wp-block-columns-is-layout-flex\" style=\"margin-top:0;margin-bottom:0\">\n<div class=\"wp-block-column is-layout-flow wp-block-column-is-layout-flow\">\n<h2 class=\"wp-block-heading has-text-align-center has-ast-global-color-1-color has-text-color has-link-color wp-elements-0f3bc7cb19d8e628eee4bdba7c94e566\">Especialistas con a\u00f1os de experiencia<\/h2>\n\n\n\n<p class=\"has-text-align-center has-ast-global-color-5-color has-text-color has-link-color wp-elements-e94bb387be828e96bfbe8190823f0efa\">trabajos SUBACU\u00c1TICOS de \u00e1mbito nacional e internacional<\/p>\n\n\n\n<div style=\"height:34px\" aria-hidden=\"true\" class=\"wp-block-spacer\"><\/div>\n\n\n\n<h2 class=\"wp-block-heading has-text-align-center has-ast-global-color-1-color has-text-color has-link-color wp-elements-d02131af61f3db22109b33d8e3c41324\">CONTRATE CON NOSOTROS<br>Y CUMPLA SUS OBJETIVOS<\/h2>\n\n\n\n<div class=\"wp-block-buttons is-content-justification-center is-layout-flex wp-container-core-buttons-is-layout-a89b3969 wp-block-buttons-is-layout-flex\">\n<div class=\"wp-block-button\"><a class=\"wp-block-button__link has-text-align-center wp-element-button\" href=\"mailto:info@deepunderwaterworks.com\" style=\"border-top-left-radius:7px;border-top-right-radius:7px;border-bottom-left-radius:7px;border-bottom-right-radius:7px\">CONTACTE AHORA<\/a><\/div>\n<\/div>\n<\/div>\n<\/div>\n\n\n\n<p><\/p>\n","protected":false},"excerpt":{"rendered":"<p>Empresa especializada en buceo industrial Realizamos todo tipo de trabajos profesionales en el medio acu\u00e1tico ofreciendo soluciones flexibles, de calidad y con un compromiso por el medio ambiente. CONOZCA NUESTROS SERVICIOS SUBACU\u00c0TICOS TRABAJOS Y TAREAS CON ROV Ofrecemos servicios especializados de inspecci\u00f3n y apoyo submarino mediante veh\u00edculos operados remotamente (ROV), una soluci\u00f3n segura, eficiente y [&hellip;]<\/p>\n","protected":false},"author":1,"featured_media":0,"parent":0,"menu_order":0,"comment_status":"closed","ping_status":"closed","template":"","meta":{"site-sidebar-layout":"default","site-content-layout":"","ast-site-content-layout":"default","site-content-style":"default","site-sidebar-style":"default","ast-global-header-display":"","ast-banner-title-visibility":"","ast-main-header-display":"","ast-hfb-above-header-display":"","ast-hfb-below-header-display":"","ast-hfb-mobile-header-display":"","site-post-title":"disabled","ast-breadcrumbs-content":"","ast-featured-img":"","footer-sml-layout":"","ast-disable-related-posts":"","theme-transparent-header-meta":"","adv-header-id-meta":"","stick-header-meta":"","header-above-stick-meta":"","header-main-stick-meta":"","header-below-stick-meta":"","astra-migrate-meta-layouts":"default","ast-page-background-enabled":"default","ast-page-background-meta":{"desktop":{"background-color":"var(--ast-global-color-4)","background-image":"","background-repeat":"repeat","background-position":"center center","background-size":"auto","background-attachment":"scroll","background-type":"","background-media":"","overlay-type":"","overlay-color":"","overlay-opacity":"","overlay-gradient":""},"tablet":{"background-color":"","background-image":"","background-repeat":"repeat","background-position":"center center","background-size":"auto","background-attachment":"scroll","background-type":"","background-media":"","overlay-type":"","overlay-color":"","overlay-opacity":"","overlay-gradient":""},"mobile":{"background-color":"","background-image":"","background-repeat":"repeat","background-position":"center center","background-size":"auto","background-attachment":"scroll","background-type":"","background-media":"","overlay-type":"","overlay-color":"","overlay-opacity":"","overlay-gradient":""}},"ast-content-background-meta":{"desktop":{"background-color":"var(--ast-global-color-5)","background-image":"","background-repeat":"repeat","background-position":"center center","background-size":"auto","background-attachment":"scroll","background-type":"","background-media":"","overlay-type":"","overlay-color":"","overlay-opacity":"","overlay-gradient":""},"tablet":{"background-color":"var(--ast-global-color-5)","background-image":"","background-repeat":"repeat","background-position":"center center","background-size":"auto","background-attachment":"scroll","background-type":"","background-media":"","overlay-type":"","overlay-color":"","overlay-opacity":"","overlay-gradient":""},"mobile":{"background-color":"var(--ast-global-color-5)","background-image":"","background-repeat":"repeat","background-position":"center center","background-size":"auto","background-attachment":"scroll","background-type":"","background-media":"","overlay-type":"","overlay-color":"","overlay-opacity":"","overlay-gradient":""}},"footnotes":""},"class_list":["post-742","page","type-page","status-publish","hentry"],"_links":{"self":[{"href":"https:\/\/www.deepunderwaterworks.com\/web\/wp-json\/wp\/v2\/pages\/742","targetHints":{"allow":["GET"]}}],"collection":[{"href":"https:\/\/www.deepunderwaterworks.com\/web\/wp-json\/wp\/v2\/pages"}],"about":[{"href":"https:\/\/www.deepunderwaterworks.com\/web\/wp-json\/wp\/v2\/types\/page"}],"author":[{"embeddable":true,"href":"https:\/\/www.deepunderwaterworks.com\/web\/wp-json\/wp\/v2\/users\/1"}],"replies":[{"embeddable":true,"href":"https:\/\/www.deepunderwaterworks.com\/web\/wp-json\/wp\/v2\/comments?post=742"}],"version-history":[{"count":10,"href":"https:\/\/www.deepunderwaterworks.com\/web\/wp-json\/wp\/v2\/pages\/742\/revisions"}],"predecessor-version":[{"id":895,"href":"https:\/\/www.deepunderwaterworks.com\/web\/wp-json\/wp\/v2\/pages\/742\/revisions\/895"}],"wp:attachment":[{"href":"https:\/\/www.deepunderwaterworks.com\/web\/wp-json\/wp\/v2\/media?parent=742"}],"curies":[{"name":"wp","href":"https:\/\/api.w.org\/{rel}","templated":true}]}}